{"id":46,"date":"2023-04-03T20:56:47","date_gmt":"2023-04-03T18:56:47","guid":{"rendered":"https:\/\/istitutobuenosaires.esteri.it\/?page_id=46"},"modified":"2024-11-27T12:33:31","modified_gmt":"2024-11-27T10:33:31","slug":"biblioteca","status":"publish","type":"page","link":"https:\/\/iicsofia.esteri.it\/it\/lingua-e-cultura\/biblioteca\/","title":{"rendered":"Biblioteca"},"content":{"rendered":"<div><\/div>\n<div>\n<p>La biblioteca dell\u2019Istituto Italiano di Cultura di Sofia conta ca. 2400 volumi, suddivisi tra narrativa italiana e straniera, saggi e libri per giovani lettori, grandi classici e nuove proposte.<br \/>\nBuona lettura!<\/p>\n<p>&nbsp;<\/p>\n<p>Indirizzo: bulevard \u201cPatriarh Evtimii\u201d 21, Sofia<\/p>\n<p><strong>Orario di apertura:<\/strong><\/p>\n<p><em>mattina: dal luned\u00ec al venerd\u00ec: 09.00 &#8211; 13.00<\/em><\/p>\n<p><em>sera: luned\u00ec &#8211; gioved\u00ec: 17.30 &#8211; 20.30<\/em><\/p>\n<p>corsi@iicsofia.org<\/p>\n<p>tel: +3592 981 26 04,0879 402 137<\/p>\n<p>&nbsp;<\/p>\n<p><strong>REGOLAMENTO DELLA BIBLIOTECA<\/strong><\/p>\n<p><strong>Informazioni generali<\/strong><\/p>\n<p>La biblioteca dell\u2019Istituto Italiano di Cultura di Sofia \u00e8 sita presso la sede di bulevard \u201cPatriarh Evtimii\u201d 21<\/p>\n<p>L\u2019accesso alla biblioteca \u00e8 libero ed \u00e8 consentito dal luned\u00ec al venerd\u00ec dalle ore 09.00 alle ore 13.00.<\/p>\n<p>Per poter accedere al servizio di prestito a domicilio \u00e8 richiesta l\u2019iscrizione alla biblioteca.<\/p>\n<p><strong>Iscrizione alla biblioteca<\/strong><\/p>\n<p>Tutti gli utenti della biblioteca, bulgari, italiani e stranieri, che volessero accedere al servizio di prestito a domicilio devono obbligatoriamente compilare il modulo di iscrizione presso la segreteria dell\u2019Istituto Italiano di Cultura. Per potersi registrare \u00e8 necessario esibire un documento di identit\u00e0 valido, del quale verr\u00e0 fatta una copia da conservare nel registro della biblioteca stessa, compilare debitamente il modulo di iscrizione e sottoscrivere regolamento e normativa per il trattamento dei dati personali.<\/p>\n<p>L\u2019iscrizione \u00e8 gratuita e non ha scadenza.<\/p>\n<p><strong>Consultazione in sede e prestito a domicilio<\/strong><\/p>\n<p>\u00c8 possibile la consultazione in sede dei volumi esposti a scaffale nelle due sale della biblioteca.<\/p>\n<p>Gli utenti sono pregati di tenere un comportamento tale da non recare disturbo agli altri utenti della biblioteca e al personale dell\u2019Istituto in servizio.<\/p>\n<p>Non sono ammessi al prestito a domicilio i vocabolari, i dizionari, i libri d\u2019arte e fotografici, le edizioni di pregio e i manuali didattici.<\/p>\n<p>\u00c8 ammesso il prestito a domicilio di SOLI DUE VOLUMI per un massimo di UN MESE. Il prestito \u00e8 rinnovabile per un solo altro mese contattando la segreteria dell\u2019Istituto telefonicamente o via mail.<\/p>\n<p><strong>Sanzioni e provvedimenti in caso di mancata restituzione o danneggiamento dei volumi in prestito<\/strong><\/p>\n<p>In caso di ritardo nella riconsegna dei libri, l\u2019Istituto Italiano di Cultura di Sofia si riserva il diritto di contattare l\u2019utente per sollecitare il rientro dei volumi.<\/p>\n<p>In caso di smarrimento o danneggiamento dei libri, l\u2019Istituto Italiano di Cultura di Sofia si riserva il diritto di richiederne la sostituzione o la corresponsione del valore in denaro.<\/p>\n<p>L\u2019Istituto Italiano di Cultura si riserva altres\u00ec il diritto di sospendere o escludere dal prestito gli utenti che non dovessero restituire i libri presi oltre il secondo sollecito e\/o oltre il terzo mese di prestito.<\/p>\n<p>Tutti gli utenti prendono visione, aderiscono e sottoscrivono il presente regolamento all\u2019atto dell\u2019iscrizione.<\/p>\n<p>A tutti gli utenti viene fornita copia in italiano e in bulgaro dello stesso.<\/p>\n<p>L\u2019Istituto Italiano di Cultura di Sofia declina ogni responsabilit\u00e0 per la scomparsa di oggetti personali o valori degli utenti all\u2019interno della biblioteca.<\/p>\n<\/div>\n<div><\/div>\n<div><\/div>\n<div>\n<p>&nbsp;<\/p>\n<\/div>\n","protected":false},"excerpt":{"rendered":"La biblioteca dell\u2019Istituto Italiano di Cultura di Sofia conta ca. 2400 volumi, suddivisi tra narrativa italiana e straniera, saggi e libri per giovani lettori, grandi classici e nuove proposte. Buona lettura! &nbsp; Indirizzo: bulevard \u201cPatriarh Evtimii\u201d 21, Sofia Orario di apertura: mattina: dal luned\u00ec al venerd\u00ec: 09.00 &#8211; 13.00 sera: luned\u00ec &#8211; gioved\u00ec: 17.30 &#8211; [&hellip;]","protected":false},"author":1,"featured_media":0,"parent":16,"menu_order":10,"comment_status":"closed","ping_status":"closed","template":"","meta":{"footnotes":""},"class_list":["post-46","page","type-page","status-publish","hentry"],"_links":{"self":[{"href":"https:\/\/iicsofia.esteri.it\/it\/wp-json\/wp\/v2\/pages\/46","targetHints":{"allow":["GET"]}}],"collection":[{"href":"https:\/\/iicsofia.esteri.it\/it\/wp-json\/wp\/v2\/pages"}],"about":[{"href":"https:\/\/iicsofia.esteri.it\/it\/wp-json\/wp\/v2\/types\/page"}],"author":[{"embeddable":true,"href":"https:\/\/iicsofia.esteri.it\/it\/wp-json\/wp\/v2\/users\/1"}],"replies":[{"embeddable":true,"href":"https:\/\/iicsofia.esteri.it\/it\/wp-json\/wp\/v2\/comments?post=46"}],"version-history":[{"count":6,"href":"https:\/\/iicsofia.esteri.it\/it\/wp-json\/wp\/v2\/pages\/46\/revisions"}],"predecessor-version":[{"id":7556,"href":"https:\/\/iicsofia.esteri.it\/it\/wp-json\/wp\/v2\/pages\/46\/revisions\/7556"}],"up":[{"embeddable":true,"href":"https:\/\/iicsofia.esteri.it\/it\/wp-json\/wp\/v2\/pages\/16"}],"wp:attachment":[{"href":"https:\/\/iicsofia.esteri.it\/it\/wp-json\/wp\/v2\/media?parent=46"}],"curies":[{"name":"wp","href":"https:\/\/api.w.org\/{rel}","templated":true}]}}