{"id":41,"date":"2023-04-03T20:55:21","date_gmt":"2023-04-03T18:55:21","guid":{"rendered":"https:\/\/istitutobuenosaires.esteri.it\/?page_id=41"},"modified":"2026-04-14T11:04:13","modified_gmt":"2026-04-14T08:04:13","slug":"contatti","status":"publish","type":"page","link":"https:\/\/iicsofia.esteri.it\/it\/chi-siamo\/contatti\/","title":{"rendered":"Contatti"},"content":{"rendered":"<h3><\/h3>\n<div class=\"sr-only\">\n<hr \/>\n<\/div>\n<div><\/div>\n<div class=\"sr-only\"><strong><span class=\"titoloRosso\">Istituto Italiano di Cultura di Sofia<\/span><\/strong><\/div>\n<p>via Parizh,\u00a02B<br \/>\n1000 Sofia \/ Bulgaria<\/p>\n<p><em>tel.: + 359 2 8170480<\/em><\/p>\n<p><em>\u0435-mail:<\/em>\u00a0<a href=\"mailto:iicsofia@esteri.it\">iicsofia@esteri.it<\/a><\/p>\n<p><strong>Orari di apertura:<br \/>\n<\/strong>da\u00a0<em>luned\u00ec\u00a0a venerd\u00ec dalle 10:00 alle 13:00<br \/>\n<\/em><em>e luned\u00ec e mercoled\u00ec dalle 14:00 alle 16:00<\/em><\/p>\n<p><strong>Sede dei corsi\u00a0di lingua dell&#8217;IIC<\/strong><\/p>\n<p>v.le Patriarh Evtimii, 21<br \/>\n1000 Sofia \/ Bulgaria<\/p>\n<p><em>tel.: + 359 2 9812604<\/em><\/p>\n<p><em>mobile: +359\/879402137<\/em><\/p>\n<p><em>\u0435-mail<\/em>:\u00a0<a href=\"mailto:corsi@iicsofia.org\">corsi@iicsofia.org<\/a><\/p>\n<p><strong>Orari di apertura:<br \/>\n<\/strong>da\u00a0<em>luned\u00ec a venerd\u00ec dalle 09:00 alle 13:00<br \/>\n<\/em><em>e da luned\u00ec a gioved\u00ec dalle 16:30 alle 20:30<\/em><\/p>\n<p><strong>CALENDARIO DELLE FESTIVIT\u00c0\u00a0 UFFICIALI \u2013 ANNO 2026<\/strong><\/p>\n<p>1\u00b0 Gennaio \u2013 CAPODANNO<\/p>\n<p>6 Gennaio \u2013 EPIFANIA<\/p>\n<p>3 Marzo \u2013 FESTA DELLA REPUBBLICA DI BULGARIA<\/p>\n<p>6 aprile \u2013 LUNED\u00cc DELL\u2019ANGELO<\/p>\n<p>25 Aprile \u2013 FESTA DELLA LIBERAZIONE<\/p>\n<p>1\u00b0 Maggio \u2013 FESTA DEI LAVORATORI<\/p>\n<p>2 Giugno \u2013 FESTA DELLA REPUBBLICA ITALIANA<\/p>\n<p>22 Settembre \u2013 FESTA DELL\u2019INDIPENDENZA BULGARA<\/p>\n<p>4 Ottobre \u2013 FESTA DI SAN FRANCESCO<\/p>\n<p>1\u00b0 Novembre \u2013 FESTA DI OGNISSANTI<\/p>\n<p>25 Dicembre \u2013 NATALE<\/p>\n<p>26 Dicembre \u2013 SANTO STEFANO<\/p>\n","protected":false},"excerpt":{"rendered":"Istituto Italiano di Cultura di Sofia via Parizh,\u00a02B 1000 Sofia \/ Bulgaria tel.: + 359 2 8170480 \u0435-mail:\u00a0iicsofia@esteri.it Orari di apertura: da\u00a0luned\u00ec\u00a0a venerd\u00ec dalle 10:00 alle 13:00 e luned\u00ec e mercoled\u00ec dalle 14:00 alle 16:00 Sede dei corsi\u00a0di lingua dell&#8217;IIC v.le Patriarh Evtimii, 21 1000 Sofia \/ Bulgaria tel.: + 359 2 9812604 mobile: +359\/879402137 [&hellip;]","protected":false},"author":1,"featured_media":0,"parent":15,"menu_order":4,"comment_status":"closed","ping_status":"closed","template":"","meta":{"footnotes":""},"class_list":["post-41","page","type-page","status-publish","hentry"],"_links":{"self":[{"href":"https:\/\/iicsofia.esteri.it\/it\/wp-json\/wp\/v2\/pages\/41","targetHints":{"allow":["GET"]}}],"collection":[{"href":"https:\/\/iicsofia.esteri.it\/it\/wp-json\/wp\/v2\/pages"}],"about":[{"href":"https:\/\/iicsofia.esteri.it\/it\/wp-json\/wp\/v2\/types\/page"}],"author":[{"embeddable":true,"href":"https:\/\/iicsofia.esteri.it\/it\/wp-json\/wp\/v2\/users\/1"}],"replies":[{"embeddable":true,"href":"https:\/\/iicsofia.esteri.it\/it\/wp-json\/wp\/v2\/comments?post=41"}],"version-history":[{"count":7,"href":"https:\/\/iicsofia.esteri.it\/it\/wp-json\/wp\/v2\/pages\/41\/revisions"}],"predecessor-version":[{"id":13247,"href":"https:\/\/iicsofia.esteri.it\/it\/wp-json\/wp\/v2\/pages\/41\/revisions\/13247"}],"up":[{"embeddable":true,"href":"https:\/\/iicsofia.esteri.it\/it\/wp-json\/wp\/v2\/pages\/15"}],"wp:attachment":[{"href":"https:\/\/iicsofia.esteri.it\/it\/wp-json\/wp\/v2\/media?parent=41"}],"curies":[{"name":"wp","href":"https:\/\/api.w.org\/{rel}","templated":true}]}}