{"id":269,"date":"2023-07-12T12:57:58","date_gmt":"2023-07-12T09:57:58","guid":{"rendered":"https:\/\/iicsofia.esteri.it\/?page_id=269"},"modified":"2023-09-18T15:27:15","modified_gmt":"2023-09-18T12:27:15","slug":"corsi-per-stranieri-in-italia","status":"publish","type":"page","link":"https:\/\/iicsofia.esteri.it\/it\/lingua-e-cultura\/i-corsi-di-lingua\/corsi-per-stranieri-in-italia\/","title":{"rendered":"Corsi per stranieri in Italia"},"content":{"rendered":"<p><strong>Corsi di lingua e cultura italiana offerti dalle Universit\u00e0 Italiane:<\/strong><\/p>\n<ul>\n<li><a title=\"Universit\u00e0 per stranieri di Perugia\" href=\"https:\/\/www.unistrapg.it\/it\/studiare-in-un-ateneo-internazionale\/corsi-di-lingua-e-cultura-italiana\">Universit\u00e0 per stranieri di Perug<\/a><a title=\"Universit\u00e0 per stranieri di Perugia\" href=\"https:\/\/www.unistrapg.it\/it\/studiare-in-un-ateneo-internazionale\/corsi-di-lingua-e-cultura-italiana\">ia<\/a> (<em>con certificazione<\/em>)<\/li>\n<li><a title=\"Universit\u00e0 per stranieri di Siena \" href=\"https:\/\/cluss.unistrasi.it\/home.htm\">Universit\u00e0 per stranieri di Siena <\/a>(<em>con certificazione<\/em>)<\/li>\n<li><a title=\"Universit\u00e0 degli studi de l'Aquila \" href=\"http:\/\/www.univaq.it\/section.php?id=299\">Universit\u00e0 degli studi de l&#8217;Aquila<\/a><\/li>\n<li><a title=\"Universit\u00e0 degli studi di Milano\" href=\"http:\/\/studenti.unimi.it\/foreign\/gargnano.htm\">Universit\u00e0 degli studi di Milano<\/a><\/li>\n<li><a title=\"Universit\u00e0 degli studi di Trento \" href=\"http:\/\/www.unitn.it\/\">Universit\u00e0 degli studi di Trento<\/a><\/li>\n<li><a title=\"Universit\u00e0 degli studi di Urbino \" href=\"https:\/\/www.uniurb.it\/international\/welcome-to-urbino\/learning-languages\">degli studi di Urbino<\/a><\/li>\n<li><a title=\"click to open\" href=\"http:\/\/cla.unica.it\/\">Universit\u00e0 degli studi di Cagliari &#8211; Centro linguistico d&#8217;ateneo<\/a><\/li>\n<li><a title=\"Universit\u00e0 degli studi di Palermo - Scuola di lingua italiana per stranieri\" href=\"http:\/\/portale.unipa.it\/strutture\/scuolaitalianastranieri\/\">Universit\u00e0 degli studi di Palermo &#8211; Scuola di lingua italiana per stranieri<\/a><\/li>\n<li>Universit\u00e0 degli studi di Roma Tre<br \/>\n1. <a title=\"Corsi CLA\" href=\"http:\/\/www.cla.uniroma3.it\/\">Corsi CLA<\/a> (<em>con certificazione<\/em>)<\/li>\n<\/ul>\n<p>&nbsp;<\/p>\n<hr \/>\n<p><strong>Corsi di lingua italiana, di cultura e di varie discipline offerti a stranieri<\/strong><\/p>\n<p>Consulta l\u2019elenco delle scuole, dei centri, delle accademie che offrono corsi di varie discipline rivolti principalmente a studenti stranieri.<br \/>\nPuoi ricercare i corsi per regione e\/o citt\u00e0 e\/o tipologia. Nella selezione della tipologia dei corsi, le voci del menu sono volutamente generiche, come ad esempio &#8220;Lingua italiana&#8221;, &#8220;Design&#8221;, &#8220;Musica&#8221; e &#8220;Canto&#8221;, per le quali si rimanda al sito web delle scuole dove si possono vedere tutte le sottotipologie offerte.<br \/>\nSe ricerchi corsi di lingua italiana, la visita dei website dei centri qui segnalati ti consentir\u00e0 di distinguere le scuole esclusivamente dedicate all&#8217;insegnamento della lingua italiana a stranieri da quelle che offrono corsi di lingua come complemento di altri insegnamenti, quali arte, moda, design, cucina, ecc.<\/p>\n<p>Garanzie di affidabilit\u00e0 sul piano dell&#8217;organizzazione e di qualit\u00e0 sul piano della didattica sono offerte dalle scuole di lingua e cultura italiana che hanno ottenuto il riconoscimento denominato Presa d&#8217;atto del MIUR (a seguito di un\u2019ispezione del Ministero dell&#8217;Educazione, dell&#8217;Universit\u00e0 e della Ricerca scientifica)<\/p>\n<p>Visitando il sito web delle scuole verifica se fanno parte di Associazioni che si propongono di tutelare la qualit\u00e0 dei servizi offerti e ne rispondono ai clienti, quali:<\/p>\n<p>a livello nazionale:<br \/>\n\u00b7 <a title=\"ASILS\" href=\"http:\/\/www.asils.it\/\">ASILS<\/a> (Associazione Scuole di Italiano come Lingua seconda)<br \/>\n. <a title=\"AIL\" href=\"http:\/\/www.acad.it\/\">AIL<\/a> (Accademia Italiana di Lingua)<\/p>\n<p><a href=\"http:\/\/www.italianinitaly.it\/\">Italian in Italy<\/a><\/p>\n<p>a livello internazionale:<br \/>\n\u00b7 <a title=\"ALTO\" href=\"http:\/\/www.altonet.org\/\">ALTO<\/a> (Association of Language Travel Organisations)<br \/>\n\u00b7 <a title=\"IALC\" href=\"http:\/\/www.ialc.org\/\">IALC<\/a> (International Association of Language Centres)<br \/>\n\u00b7 <a title=\"TANDEM\" href=\"http:\/\/www.tandem-schools.com\/\">TANDEM<\/a> (International Network of Quality Language Institutes)<br \/>\n\u00b7 <a title=\"EAQUALS\" href=\"http:\/\/www.eaquals.org\/\">EAQUALS<\/a> (The European Association for Quality Language Services)<br \/>\n. <a title=\"IHWO\" href=\"http:\/\/www.ihworld.com\/\">IHWO<\/a> (International House World Organisation)<\/p>\n<p>E\u2019 importante anche sapere se le scuole sono riconosciute come Ente di Formazione e se sono abilitate a rilasciare Certificazioni di conoscenza della Lingua italiana.<\/p>\n<p>Per tutte le scuole che non hanno nessuno di questi requisiti si raccomanda di controllare se il loro sito web contiene chiare e precise informazioni su:<br \/>\n\u00b7 condizioni economiche dei corsi offerti (prezzi, depositi, restituzione dei depositi in caso di cancellazione)<br \/>\n\u00b7 luogo dove si tengono i corsi (edificio, aule, infrastrutture, dotazioni tecniche)<br \/>\n\u00b7 caratteristiche degli alloggi per gli studenti (costi e ubicazione)<br \/>\n\u00b7 personale docente (titoli di studio e curricula)<br \/>\n\u00b7 materiale didattico usato<\/p>\n","protected":false},"excerpt":{"rendered":"Corsi di lingua e cultura italiana offerti dalle Universit\u00e0 Italiane: Universit\u00e0 per stranieri di Perugia (con certificazione) Universit\u00e0 per stranieri di Siena (con certificazione) Universit\u00e0 degli studi de l&#8217;Aquila Universit\u00e0 degli studi di Milano Universit\u00e0 degli studi di Trento degli studi di Urbino Universit\u00e0 degli studi di Cagliari &#8211; Centro linguistico d&#8217;ateneo Universit\u00e0 degli studi [&hellip;]","protected":false},"author":3,"featured_media":0,"parent":42,"menu_order":4,"comment_status":"closed","ping_status":"closed","template":"","meta":{"footnotes":""},"class_list":["post-269","page","type-page","status-publish","hentry"],"_links":{"self":[{"href":"https:\/\/iicsofia.esteri.it\/it\/wp-json\/wp\/v2\/pages\/269","targetHints":{"allow":["GET"]}}],"collection":[{"href":"https:\/\/iicsofia.esteri.it\/it\/wp-json\/wp\/v2\/pages"}],"about":[{"href":"https:\/\/iicsofia.esteri.it\/it\/wp-json\/wp\/v2\/types\/page"}],"author":[{"embeddable":true,"href":"https:\/\/iicsofia.esteri.it\/it\/wp-json\/wp\/v2\/users\/3"}],"replies":[{"embeddable":true,"href":"https:\/\/iicsofia.esteri.it\/it\/wp-json\/wp\/v2\/comments?post=269"}],"version-history":[{"count":8,"href":"https:\/\/iicsofia.esteri.it\/it\/wp-json\/wp\/v2\/pages\/269\/revisions"}],"predecessor-version":[{"id":651,"href":"https:\/\/iicsofia.esteri.it\/it\/wp-json\/wp\/v2\/pages\/269\/revisions\/651"}],"up":[{"embeddable":true,"href":"https:\/\/iicsofia.esteri.it\/it\/wp-json\/wp\/v2\/pages\/42"}],"wp:attachment":[{"href":"https:\/\/iicsofia.esteri.it\/it\/wp-json\/wp\/v2\/media?parent=269"}],"curies":[{"name":"wp","href":"https:\/\/api.w.org\/{rel}","templated":true}]}}